{"id":769,"date":"2022-03-02T17:07:22","date_gmt":"2022-03-02T16:07:22","guid":{"rendered":"https:\/\/building-blocks.lu\/mentions-legales\/"},"modified":"2022-05-03T14:08:20","modified_gmt":"2022-05-03T12:08:20","slug":"mentions-legales","status":"publish","type":"page","link":"https:\/\/building-blocks.lu\/fr\/mentions-legales\/","title":{"rendered":"Mentions l\u00e9gales"},"content":{"rendered":"\n[et_pb_section fb_built=\u00a0\u00bb1&Prime; custom_padding_last_edited=\u00a0\u00bbon|phone\u00a0\u00bb _builder_version=\u00a0\u00bb4.15&Prime; _module_preset=\u00a0\u00bbdefault\u00a0\u00bb custom_padding=\u00a0\u00bb|28.85%|100px|7.29%|false|false\u00a0\u00bb custom_padding_tablet=\u00a0\u00bb|7.29%|100px|7.29%|false|true\u00a0\u00bb custom_padding_phone=\u00a0\u00bb|5%|50px|5%|false|true\u00a0\u00bb locked=\u00a0\u00bboff\u00a0\u00bb global_colors_info=\u00a0\u00bb{}\u00a0\u00bb][et_pb_row _builder_version=\u00a0\u00bb4.15&Prime; _module_preset=\u00a0\u00bbdefault\u00a0\u00bb width=\u00a0\u00bb100%\u00a0\u00bb global_colors_info=\u00a0\u00bb{}\u00a0\u00bb][et_pb_column type=\u00a0\u00bb4_4&Prime; _builder_version=\u00a0\u00bb4.15&Prime; _module_preset=\u00a0\u00bbdefault\u00a0\u00bb global_colors_info=\u00a0\u00bb{}\u00a0\u00bb][et_pb_text module_class=\u00a0\u00bbfuenfzig\u00a0\u00bb _builder_version=\u00a0\u00bb4.15.1&Prime; _module_preset=\u00a0\u00bbdefault\u00a0\u00bb header_font=\u00a0\u00bbQuicksand|700||on|||||\u00a0\u00bb header_text_color=\u00a0\u00bb#000000&Prime; header_font_size=\u00a0\u00bb3.13rem\u00a0\u00bb header_line_height=\u00a0\u00bb4.06rem\u00a0\u00bb hover_enabled=\u00a0\u00bb0&Prime; header_text_align_tablet=\u00a0\u00bbcenter\u00a0\u00bb header_text_align_phone=\u00a0\u00bbcenter\u00a0\u00bb header_text_align_last_edited=\u00a0\u00bboff|desktop\u00a0\u00bb header_line_height_tablet=\u00a0\u00bb4.06rem\u00a0\u00bb header_line_height_phone=\u00a0\u00bb1em\u00a0\u00bb header_line_height_last_edited=\u00a0\u00bbon|phone\u00a0\u00bb global_colors_info=\u00a0\u00bb{}\u00a0\u00bb sticky_enabled=\u00a0\u00bb0&Prime;]<h1>MENTIONS L\u00c9GALES<\/h1>[\/et_pb_text][et_pb_text module_class=\u00a0\u00bbzwanzig\u00a0\u00bb _builder_version=\u00a0\u00bb4.15.1&Prime; _module_preset=\u00a0\u00bbdefault\u00a0\u00bb text_font=\u00a0\u00bbQuicksand||||||||\u00a0\u00bb text_font_size=\u00a0\u00bb1.25rem\u00a0\u00bb text_line_height=\u00a0\u00bb1.56rem\u00a0\u00bb custom_margin=\u00a0\u00bb72px||||false|false\u00a0\u00bb custom_margin_tablet=\u00a0\u00bb30px||||false|false\u00a0\u00bb custom_margin_phone=\u00a0\u00bb30px||||false|false\u00a0\u00bb custom_margin_last_edited=\u00a0\u00bbon|tablet\u00a0\u00bb hover_enabled=\u00a0\u00bb0&Prime; global_colors_info=\u00a0\u00bb{}\u00a0\u00bb sticky_enabled=\u00a0\u00bb0&Prime; header_2_font_size=\u00a0\u00bb1.63rem\u00a0\u00bb]<h2>Donn\u00e9es d\u2019apr\u00e8s \u00a7 5 du droit des t\u00e9l\u00e9medias<\/h2>\r\n<p>Christin Dawans-Rachow<br \/>Building Blocks S.\u00e0 r.l.-S.<br \/>59, rue de Mersch<br \/>L-7620 Larochette<\/p>\r\n<p>Registre de commerce : B262535<\/p>\r\n<h2>Contact<\/h2>\r\n<p>T\u00e9l\u00e9phone : 00352691331513<br \/>E-mail : christin@building-blocks.lu<\/p>\r\n<h2>R\u00e8glement d\u2019un diff\u00e9rend dans l\u2019UE<\/h2>\r\n<p>La Commission Europ\u00e9enne met \u00e0 disposition une plateforme pour r\u00e9gler en ligne les litiges (RLL) : <a href=\"https:\/\/ec.europa.eu\/consumers\/odr\/\" target=\"_blank\" rel=\"noopener noreferrer\">https:\/\/ec.europa.eu\/consumers\/odr\/<\/a>.<br \/>Vous trouverez notre adresse e-mail dans nos mentions l\u00e9gales ci-dessus.<\/p>\r\n<h2>R\u00e8glement de litige des consommateurs \/ Service universel de r\u00e8glement d\u2019un diff\u00e9rend<\/h2>\r\n<p>Nous ne sommes pas dans l\u2019obligation de participer \u00e0 un r\u00e8glement de litige aupr\u00e8s d\u2019un service de r\u00e8glement d\u2019un diff\u00e9rend.<\/p>\r\n<p>Source : <a href=\"https:\/\/www.e-recht24.de\" target=\"_blank\" rel=\"noopener\">https:\/\/www.e-recht24.de<\/a><\/p>[\/et_pb_text][\/et_pb_column][\/et_pb_row][\/et_pb_section]\n","protected":false},"excerpt":{"rendered":"<p>MENTIONS L\u00c9GALESDonn\u00e9es d\u2019apr\u00e8s \u00a7 5 du droit des t\u00e9l\u00e9medias Christin Dawans-RachowBuilding Blocks S.\u00e0 r.l.-S.59, rue de MerschL-7620 Larochette Registre de commerce : B262535 Contact T\u00e9l\u00e9phone : 00352691331513E-mail : christin@building-blocks.lu R\u00e8glement d\u2019un diff\u00e9rend dans l\u2019UE La Commission Europ\u00e9enne met \u00e0 disposition une plateforme pour r\u00e9gler en ligne les litiges (RLL) : https:\/\/ec.europa.eu\/consumers\/odr\/.Vous trouverez notre adresse e-mail [&hellip;]<\/p>\n","protected":false},"author":1,"featured_media":0,"parent":0,"menu_order":0,"comment_status":"closed","ping_status":"closed","template":"","meta":{"_et_pb_use_builder":"on","_et_pb_old_content":"","_et_gb_content_width":"","footnotes":""},"class_list":["post-769","page","type-page","status-publish","hentry"],"_links":{"self":[{"href":"https:\/\/building-blocks.lu\/fr\/wp-json\/wp\/v2\/pages\/769","targetHints":{"allow":["GET"]}}],"collection":[{"href":"https:\/\/building-blocks.lu\/fr\/wp-json\/wp\/v2\/pages"}],"about":[{"href":"https:\/\/building-blocks.lu\/fr\/wp-json\/wp\/v2\/types\/page"}],"author":[{"embeddable":true,"href":"https:\/\/building-blocks.lu\/fr\/wp-json\/wp\/v2\/users\/1"}],"replies":[{"embeddable":true,"href":"https:\/\/building-blocks.lu\/fr\/wp-json\/wp\/v2\/comments?post=769"}],"version-history":[{"count":5,"href":"https:\/\/building-blocks.lu\/fr\/wp-json\/wp\/v2\/pages\/769\/revisions"}],"predecessor-version":[{"id":3861,"href":"https:\/\/building-blocks.lu\/fr\/wp-json\/wp\/v2\/pages\/769\/revisions\/3861"}],"wp:attachment":[{"href":"https:\/\/building-blocks.lu\/fr\/wp-json\/wp\/v2\/media?parent=769"}],"curies":[{"name":"wp","href":"https:\/\/api.w.org\/{rel}","templated":true}]}}