{"id":678,"date":"2022-02-25T13:21:58","date_gmt":"2022-02-25T12:21:58","guid":{"rendered":"https:\/\/building-blocks.lu\/agb\/"},"modified":"2022-04-28T10:01:40","modified_gmt":"2022-04-28T08:01:40","slug":"agb","status":"publish","type":"page","link":"https:\/\/building-blocks.lu\/fr\/agb\/","title":{"rendered":"Conditions g\u00e9n\u00e9rales"},"content":{"rendered":"\n[et_pb_section fb_built=\u00a0\u00bb1&Prime; custom_padding_last_edited=\u00a0\u00bbon|phone\u00a0\u00bb _builder_version=\u00a0\u00bb4.16&Prime; _module_preset=\u00a0\u00bbdefault\u00a0\u00bb custom_padding=\u00a0\u00bb|28.85%|100px|7.29%|false|false\u00a0\u00bb custom_padding_tablet=\u00a0\u00bb|7.29%|100px|7.29%|false|true\u00a0\u00bb custom_padding_phone=\u00a0\u00bb|5%|50px|5%|false|true\u00a0\u00bb locked=\u00a0\u00bboff\u00a0\u00bb global_colors_info=\u00a0\u00bb{}\u00a0\u00bb][et_pb_row _builder_version=\u00a0\u00bb4.16&Prime; _module_preset=\u00a0\u00bbdefault\u00a0\u00bb width=\u00a0\u00bb100%\u00a0\u00bb global_colors_info=\u00a0\u00bb{}\u00a0\u00bb][et_pb_column type=\u00a0\u00bb4_4&Prime; _builder_version=\u00a0\u00bb4.16&Prime; _module_preset=\u00a0\u00bbdefault\u00a0\u00bb global_colors_info=\u00a0\u00bb{}\u00a0\u00bb][et_pb_text module_class=\u00a0\u00bbfuenfzig\u00a0\u00bb _builder_version=\u00a0\u00bb4.17.3&Prime; _module_preset=\u00a0\u00bbdefault\u00a0\u00bb text_font_size=\u00a0\u00bb1.25rem\u00a0\u00bb text_line_height=\u00a0\u00bb1.56rem\u00a0\u00bb header_font=\u00a0\u00bbQuicksand|700||on|||||\u00a0\u00bb header_text_color=\u00a0\u00bb#000000&Prime; header_font_size=\u00a0\u00bb3.13rem\u00a0\u00bb header_line_height=\u00a0\u00bb4.06rem\u00a0\u00bb header_2_font_size=\u00a0\u00bb1.63rem\u00a0\u00bb hover_enabled=\u00a0\u00bb0&Prime; header_text_align_tablet=\u00a0\u00bbcenter\u00a0\u00bb header_text_align_phone=\u00a0\u00bbcenter\u00a0\u00bb header_text_align_last_edited=\u00a0\u00bboff|desktop\u00a0\u00bb header_line_height_tablet=\u00a0\u00bb4.06rem\u00a0\u00bb header_line_height_phone=\u00a0\u00bb1em\u00a0\u00bb header_line_height_last_edited=\u00a0\u00bbon|phone\u00a0\u00bb global_colors_info=\u00a0\u00bb{}\u00a0\u00bb sticky_enabled=\u00a0\u00bb0&Prime;]<h1>Conditions g\u00e9n\u00e9rales<\/h1>\r\n<h2>pour les entretiens de coaching r\u00e9alis\u00e9s entre Christin Dawans-Rachow, coach professionnelle et ses clients<\/h2>[\/et_pb_text][et_pb_text module_class=\u00a0\u00bbfuenfzig\u00a0\u00bb _builder_version=\u00a0\u00bb4.17.3&Prime; _module_preset=\u00a0\u00bbdefault\u00a0\u00bb text_font_size=\u00a0\u00bb1.25rem\u00a0\u00bb text_line_height=\u00a0\u00bb1.56rem\u00a0\u00bb header_font=\u00a0\u00bbQuicksand|700||on|||||\u00a0\u00bb header_text_color=\u00a0\u00bb#000000&Prime; header_font_size=\u00a0\u00bb3.13rem\u00a0\u00bb header_line_height=\u00a0\u00bb4.06rem\u00a0\u00bb header_2_font_size=\u00a0\u00bb1.63rem\u00a0\u00bb text_orientation=\u00a0\u00bbjustified\u00a0\u00bb custom_margin=\u00a0\u00bb72px||||false|false\u00a0\u00bb custom_margin_tablet=\u00a0\u00bb30px||||false|false\u00a0\u00bb custom_margin_phone=\u00a0\u00bb30px||||false|false\u00a0\u00bb custom_margin_last_edited=\u00a0\u00bbon|tablet\u00a0\u00bb hover_enabled=\u00a0\u00bb0&Prime; header_text_align_tablet=\u00a0\u00bbcenter\u00a0\u00bb header_text_align_phone=\u00a0\u00bbcenter\u00a0\u00bb header_text_align_last_edited=\u00a0\u00bboff|desktop\u00a0\u00bb header_line_height_tablet=\u00a0\u00bb4.06rem\u00a0\u00bb header_line_height_phone=\u00a0\u00bb1em\u00a0\u00bb header_line_height_last_edited=\u00a0\u00bbon|phone\u00a0\u00bb global_colors_info=\u00a0\u00bb{}\u00a0\u00bb sticky_enabled=\u00a0\u00bb0&Prime;]<p>En prenant un rendez-vous pour un entretien de coaching, vous donnez votre accord pour les conditions suivantes que je vous demande de lire attentivement. En cas de question, sentez-vous libre de revenir vers moi pour en discuter.<\/p>[\/et_pb_text][et_pb_divider color=\u00a0\u00bb#000000&Prime; divider_position=\u00a0\u00bbcenter\u00a0\u00bb _builder_version=\u00a0\u00bb4.16.1&Prime; _module_preset=\u00a0\u00bbdefault\u00a0\u00bb width=\u00a0\u00bb20%\u00a0\u00bb global_colors_info=\u00a0\u00bb{}\u00a0\u00bb][\/et_pb_divider][et_pb_text module_class=\u00a0\u00bbfuenfzig\u00a0\u00bb _builder_version=\u00a0\u00bb4.17.3&Prime; _module_preset=\u00a0\u00bbdefault\u00a0\u00bb text_font_size=\u00a0\u00bb1.25rem\u00a0\u00bb text_line_height=\u00a0\u00bb1.56rem\u00a0\u00bb header_font=\u00a0\u00bbQuicksand|700||on|||||\u00a0\u00bb header_text_color=\u00a0\u00bb#000000&Prime; header_font_size=\u00a0\u00bb3.13rem\u00a0\u00bb header_line_height=\u00a0\u00bb4.06rem\u00a0\u00bb header_2_font_size=\u00a0\u00bb1.63rem\u00a0\u00bb text_orientation=\u00a0\u00bbjustified\u00a0\u00bb custom_margin_tablet=\u00a0\u00bb30px||||false|false\u00a0\u00bb custom_margin_last_edited=\u00a0\u00bboff|desktop\u00a0\u00bb hover_enabled=\u00a0\u00bb0&Prime; header_text_align_tablet=\u00a0\u00bbcenter\u00a0\u00bb header_text_align_phone=\u00a0\u00bbcenter\u00a0\u00bb header_text_align_last_edited=\u00a0\u00bboff|desktop\u00a0\u00bb header_line_height_tablet=\u00a0\u00bb4.06rem\u00a0\u00bb header_line_height_phone=\u00a0\u00bb1em\u00a0\u00bb header_line_height_last_edited=\u00a0\u00bbon|phone\u00a0\u00bb global_colors_info=\u00a0\u00bb{}\u00a0\u00bb sticky_enabled=\u00a0\u00bb0&Prime;]<p>Vous m\u2019engagez en tant que coach car vous souhaitez effectuer des changements significatifs dans votre vie. Certains de ces changements seront rapides, d\u2019autres prendront plus de temps.<\/p>\r\n<p><strong>D\u00e9finition de coaching g\u00e9n\u00e9rale (ICF)<\/strong><br \/>Le coaching est un partenariat entre un coach et son client. Le coaching apporte \u00e0 la personne un cadre de r\u00e9flexion et de cr\u00e9ativit\u00e9 qui l\u2019aideront \u00e0 tirer le meilleur de son potentiel personnel et professionnel.<\/p>\r\n<p><strong>La relation de coaching<\/strong><br \/>Au cours de notre relation de travail, nous aborderons des sujets personnels. Vous pourrez compter sur moi pour \u00eatre honn\u00eate et direct vis-\u00e0-vis de vos questions et de vos demandes.<br \/> \r\nGardez toutefois \u00e0 l\u2019esprit que les r\u00e9sultats que vous allez tirer de notre travail d\u00e9pendront avant tout de votre engagement et de votre motivation.<br \/>\r\nLa relation de coaching que nous allons construire est professionnelle et strictement confidentielle.<\/p>\r\n<p><strong>R\u00e8glement, dur\u00e9e, changement de rendez-vous et retard pour les entretiens individuels en visioconf\u00e9rence et sur place<\/strong><br \/>Le tarif d\u2019une s\u00e9ance de coaching s&rsquo;\u00e9l\u00e8ve \u00e0 80 euros par heure, TTC.<br \/>\r\nVotre premi\u00e8re session durera entre 60 et 90 minutes pour nous permettre de poser ensemble les fondations de ce qui suivra. Il n\u2019y aura pas de frais suppl\u00e9mentaires pour vous si nous d\u00e9passons ce temps.<br \/>\r\nLes s\u00e9ances suivantes dureront au maximum 60 minutes.<br \/>\r\nLe r\u00e8glement se fera au fur et \u00e0 mesure des entretiens et vous recevrez une facture finale en fin de cycle pour l\u2019ensemble des s\u00e9ances apr\u00e8s notre dernier entretien.<br \/>\r\nSi vous avez un contre-temps, vous pouvez me contacter pour d\u00e9placer un rendez-vous. Dans ce cas, pr\u00e9venez-moi, par mail ou par t\u00e9l\u00e9phone, au moins 24h \u00e0 l\u2019avance et nous reconviendrons ensemble d\u2019une autre date qui vous arrange.<br \/>\r\nLes rendez-vous annul\u00e9s \u00e0 moins de 24h, ou pour lesquels vous ne m\u2019auriez pas averti d\u2019un changement souhait\u00e9, seront factur\u00e9s.<br \/>\r\nSi vous manquez un rendez-vous en raison d\u2019une erreur de ma part ou de mon absence, nous pourrons soit convenir d\u2019un nouveau rendez-vous ou je vous rembourserai le prix de cet entretien.<br \/>\r\nSi vous arrivez en retard \u00e0 une s\u00e9ance, celle-ci ne sera pas prolong\u00e9e au-del\u00e0 de l\u2019heure de fin pr\u00e9vue initialement. Si vous avez un retard sup\u00e9rieur \u00e0 30 minutes, la s\u00e9ance n\u2019aura pas lieu et sera factur\u00e9e.\r\nEn cas de force majeur, nous nous adapterons mutuellement.<\/p>\r\n<p><strong>Confidentialit\u00e9<\/strong><br \/>Le coach et le client \/ la cliente s\u2019engagent respectivement \u00e0 ne transmettre \u00e0 quiconque les informations port\u00e9es \u00e0 leur connaissance \u00e0 l\u2019occasion des entretiens de coaching \u00e0 l\u2019exception des cas relevant de la loi.<br \/>\r\nLe client \/ La cliente est inform\u00e9 \/ -e que certains des sujets abord\u00e9s peuvent \u00eatre partag\u00e9s de mani\u00e8re strictement anonyme avec d\u2019autres professionnels du coaching dans des buts de supervision ou de formation.<\/p>\r\n<p><strong>Les devoirs du coach<\/strong><br \/>Le coach s\u2019autorise en conscience \u00e0 exercer cette fonction \u00e0 partir de sa formation et de son exp\u00e9rience.<br \/>\r\nConscient de sa position, le coach s\u2019interdit d\u2019exercer tout abus d\u2019influence de quelque nature que ce soit.<br \/>\r\nLe coach s\u2019astreint au secret professionnel et s&rsquo;engage \u00e0 ne transmettre \u00e0 des tiers, quels qu&rsquo;ils soient et sous aucun pr\u00e9texte, les informations port\u00e9es \u00e0 sa connaissance lors des s\u00e9ances de travail.<br \/>\r\nLe coach s&rsquo;engage \u00e0 agir avec professionnalisme et \u00e0 mettre en \u0153uvre tous les moyens dont il dispose pour permettre l\u2019atteinte des objectifs du contrat. Sous r\u00e9serve des dispositions propres au secret professionnel et \u00e0 la d\u00e9ontologie, ces moyens peuvent inclure tel que n\u00e9cessaire le recours \u00e0 un confr\u00e8re ou \u00e0 une cons\u0153ur, sans qu\u2019un tel recours puisse changer les modalit\u00e9s du pr\u00e9sent contrat.<br \/>\r\nLe coach s&rsquo;engage formellement \u00e0 respecter, dans sa pratique professionnelle, les principes de la charte des coachs professionnels affili\u00e9s \u00e0 l\u2019International Coaching Federation.<\/p>\r\n<p><strong>Les devoirs du client \/ de la cliente vis-\u00e0-vis du coach<\/strong><br \/>Le client \/ La cliente est responsable de son engagement personnel dans cette d\u00e9marche ainsi que de sa disponibilit\u00e9 pour sa mise en \u0153uvre.<br \/>\r\nLe client \/ La cliente peut choisir de mettre fin au coaching \u00e0 tout moment.<br \/>\r\nLe coaching \u00e9tant un processus de d\u00e9veloppement personnel et \/ ou professionnel, le client \/ la cliente a de fait la responsabilit\u00e9 des d\u00e9cisions prises. En aucun cas, le coach ne peut \u00eatre tenu pour responsable des d\u00e9cisions, non-d\u00e9cisions et actes du client \/ de la cliente.<br \/>\r\nLe client \/ La cliente accepte que le coaching n\u2019est pas une psychoth\u00e9rapie ni une autre forme de traitement m\u00e9dical.  Le coaching ne peut pas se substituer \u00e0 d\u2019autres conseils professionnels. Si besoin, le client \/ la cliente recherchera une aide sur le plan l\u00e9gal, m\u00e9dical, financier, spirituel ou autre.<br \/>\r\nLe client \/ La cliente prend l&rsquo;engagement d\u2019\u00eatre ponctuel aux rendez-vous pris avec le coach et \u00e0 r\u00e9gler le montant dans les d\u00e9lais.<\/p>[\/et_pb_text][\/et_pb_column][\/et_pb_row][\/et_pb_section]\n","protected":false},"excerpt":{"rendered":"<p>Conditions g\u00e9n\u00e9rales pour les entretiens de coaching r\u00e9alis\u00e9s entre Christin Dawans-Rachow, coach professionnelle et ses clientsEn prenant un rendez-vous pour un entretien de coaching, vous donnez votre accord pour les conditions suivantes que je vous demande de lire attentivement. En cas de question, sentez-vous libre de revenir vers moi pour en discuter.Vous m\u2019engagez en tant [&hellip;]<\/p>\n","protected":false},"author":1,"featured_media":0,"parent":0,"menu_order":0,"comment_status":"closed","ping_status":"closed","template":"","meta":{"_et_pb_use_builder":"on","_et_pb_old_content":"","_et_gb_content_width":"","footnotes":""},"class_list":["post-678","page","type-page","status-publish","hentry"],"_links":{"self":[{"href":"https:\/\/building-blocks.lu\/fr\/wp-json\/wp\/v2\/pages\/678","targetHints":{"allow":["GET"]}}],"collection":[{"href":"https:\/\/building-blocks.lu\/fr\/wp-json\/wp\/v2\/pages"}],"about":[{"href":"https:\/\/building-blocks.lu\/fr\/wp-json\/wp\/v2\/types\/page"}],"author":[{"embeddable":true,"href":"https:\/\/building-blocks.lu\/fr\/wp-json\/wp\/v2\/users\/1"}],"replies":[{"embeddable":true,"href":"https:\/\/building-blocks.lu\/fr\/wp-json\/wp\/v2\/comments?post=678"}],"version-history":[{"count":5,"href":"https:\/\/building-blocks.lu\/fr\/wp-json\/wp\/v2\/pages\/678\/revisions"}],"predecessor-version":[{"id":3791,"href":"https:\/\/building-blocks.lu\/fr\/wp-json\/wp\/v2\/pages\/678\/revisions\/3791"}],"wp:attachment":[{"href":"https:\/\/building-blocks.lu\/fr\/wp-json\/wp\/v2\/media?parent=678"}],"curies":[{"name":"wp","href":"https:\/\/api.w.org\/{rel}","templated":true}]}}